{"id":18,"date":"2024-08-20T21:45:26","date_gmt":"2024-08-20T19:45:26","guid":{"rendered":"https:\/\/duramingui.com\/?page_id=18"},"modified":"2024-10-02T05:51:06","modified_gmt":"2024-10-02T03:51:06","slug":"gestion-des-dechets","status":"publish","type":"page","link":"https:\/\/duramingui.com\/index.php\/gestion-des-dechets\/","title":{"rendered":"Nous mettons \u00e0 la disposition de nos clients un service moderne et de qualit\u00e9 en mati\u00e8re de cartographie dans les projets d&#8217;am\u00e9nagement territorial, \u00e9tudes, des lev\u00e9s topographiques et les plans de d\u00e9veloppement communautaire, nous accompagnons ainsi les entreprises extractives, de construction, des ONG et administration publique."},"content":{"rendered":"\n<p><\/p>\n\n\n\n<figure class=\"wp-block-image\"><img loading=\"lazy\" decoding=\"async\" width=\"600\" height=\"398\" src=\"http:\/\/duramingui.com\/wp-content\/uploads\/2024\/08\/Weixin-Image_20240821084401.png\" alt=\"\" class=\"wp-image-91\" srcset=\"https:\/\/duramingui.com\/wp-content\/uploads\/2024\/08\/Weixin-Image_20240821084401.png 600w, https:\/\/duramingui.com\/wp-content\/uploads\/2024\/08\/Weixin-Image_20240821084401-300x199.png 300w\" sizes=\"auto, (max-width: 600px) 100vw, 600px\" \/><\/figure>\n\n\n\n<ul class=\"wp-block-list\">\n<li>Services planim\u00e9triques pour collecter des informations<\/li>\n\n\n\n<li>Services de photogramm\u00e9trie a\u00e9rienne<\/li>\n\n\n\n<li>Mod\u00e8le num\u00e9rique d&#8217;\u00e9l\u00e9vation (DEM)<\/li>\n\n\n\n<li>G\u00e9n\u00e9ration de contours<\/li>\n\n\n\n<li>Mod\u00e8les num\u00e9riques de terrain<\/li>\n\n\n\n<li>Cartographie du terrain avec jusqu&#8217;\u00e0 2 pieds de pr\u00e9cision<\/li>\n\n\n\n<li>Cartes topographiques num\u00e9riques haute d\u00e9finition \u00e0 l&#8217;\u00e9chelle 1: 100 000<\/li>\n\n\n\n<li>Topographie g\u00e9n\u00e9rale. <\/li>\n<\/ul>\n\n\n\n<h4 class=\"wp-block-heading\"><\/h4>\n","protected":false},"excerpt":{"rendered":"","protected":false},"author":1,"featured_media":0,"parent":0,"menu_order":0,"comment_status":"closed","ping_status":"closed","template":"","meta":{"footnotes":""},"class_list":["post-18","page","type-page","status-publish","hentry"],"_links":{"self":[{"href":"https:\/\/duramingui.com\/index.php\/wp-json\/wp\/v2\/pages\/18","targetHints":{"allow":["GET"]}}],"collection":[{"href":"https:\/\/duramingui.com\/index.php\/wp-json\/wp\/v2\/pages"}],"about":[{"href":"https:\/\/duramingui.com\/index.php\/wp-json\/wp\/v2\/types\/page"}],"author":[{"embeddable":true,"href":"https:\/\/duramingui.com\/index.php\/wp-json\/wp\/v2\/users\/1"}],"replies":[{"embeddable":true,"href":"https:\/\/duramingui.com\/index.php\/wp-json\/wp\/v2\/comments?post=18"}],"version-history":[{"count":5,"href":"https:\/\/duramingui.com\/index.php\/wp-json\/wp\/v2\/pages\/18\/revisions"}],"predecessor-version":[{"id":200,"href":"https:\/\/duramingui.com\/index.php\/wp-json\/wp\/v2\/pages\/18\/revisions\/200"}],"wp:attachment":[{"href":"https:\/\/duramingui.com\/index.php\/wp-json\/wp\/v2\/media?parent=18"}],"curies":[{"name":"wp","href":"https:\/\/api.w.org\/{rel}","templated":true}]}}