{"id":251,"date":"2024-10-05T13:29:52","date_gmt":"2024-10-05T11:29:52","guid":{"rendered":"https:\/\/duramingui.com\/?page_id=251"},"modified":"2024-10-05T13:29:52","modified_gmt":"2024-10-05T11:29:52","slug":"inscription","status":"publish","type":"page","link":"https:\/\/duramingui.com\/index.php\/inscription\/","title":{"rendered":"Inscription"},"content":{"rendered":"\n<p>Veuillez remplir ce formulaire pour vous inscrire \u00e0 la formation.<\/p>\n\n\n<div class=\"frm_forms  with_frm_style frm_style_style-formidable\" id=\"frm_form_2_container\" data-token=\"1f61c438979d9ae067a3f976e58ef5f2\">\n<form enctype=\"multipart\/form-data\" method=\"post\" class=\"frm-show-form \" id=\"form_fiche-dinscription\" data-token=\"1f61c438979d9ae067a3f976e58ef5f2\">\n<div class=\"frm_form_fields \">\n<fieldset>\n<legend class=\"frm_screen_reader\">Fiche d\u2019inscription<\/legend>\n\n<div class=\"frm_fields_container\">\n<input type=\"hidden\" name=\"frm_action\" value=\"create\" \/>\n<input type=\"hidden\" name=\"form_id\" value=\"2\" \/>\n<input type=\"hidden\" name=\"frm_hide_fields_2\" id=\"frm_hide_fields_2\" value=\"\" \/>\n<input type=\"hidden\" name=\"form_key\" value=\"fiche-dinscription\" \/>\n<input type=\"hidden\" name=\"item_meta[0]\" value=\"\" \/>\n<input type=\"hidden\" id=\"frm_submit_entry_2\" name=\"frm_submit_entry_2\" value=\"09948d6180\" \/><input type=\"hidden\" name=\"_wp_http_referer\" value=\"\/index.php\/wp-json\/wp\/v2\/pages\/251\" \/><div id=\"frm_field_9_container\" class=\"frm_form_field form-field  frm_required_field frm_top_container\">\n\t<label for=\"field_30tt8\" id=\"field_30tt8_label\" class=\"frm_primary_label\">Nom de la formation \n\t\t<span class=\"frm_required\" aria-hidden=\"true\">*<\/span>\n\t<\/label>\n\t<input type=\"text\" id=\"field_30tt8\" name=\"item_meta[9]\" value=\"\"  data-reqmsg=\"Nom de la formation  ne peut pas \u00eatre vide.\" aria-required=\"true\" data-invmsg=\"Nom de la formation  est non valide\" aria-invalid=\"false\"  \/>\n\t\n\t\n<\/div>\n<div id=\"frm_field_10_container\" class=\"frm_form_field form-field  frm_required_field frm_top_container frm6 frm_first\">\n\t<label for=\"field_x7nhm\" id=\"field_x7nhm_label\" class=\"frm_primary_label\">Nom\n\t\t<span class=\"frm_required\" aria-hidden=\"true\">*<\/span>\n\t<\/label>\n\t<input type=\"text\" id=\"field_x7nhm\" name=\"item_meta[10]\" value=\"\"  data-reqmsg=\"Nom ne peut pas \u00eatre vide.\" aria-required=\"true\" data-invmsg=\"Nom est non valide\" aria-invalid=\"false\"  \/>\n\t\n\t\n<\/div>\n<div id=\"frm_field_14_container\" class=\"frm_form_field form-field  frm_required_field frm_top_container frm6\">\n\t<label for=\"field_hqvgx\" id=\"field_hqvgx_label\" class=\"frm_primary_label\">Pr\u00e9nom\n\t\t<span class=\"frm_required\" aria-hidden=\"true\">*<\/span>\n\t<\/label>\n\t<input type=\"text\" id=\"field_hqvgx\" name=\"item_meta[14]\" value=\"\"  data-reqmsg=\"Pr\u00e9nom ne peut pas \u00eatre vide.\" aria-required=\"true\" data-invmsg=\"Pr\u00e9nom est non valide\" aria-invalid=\"false\"  \/>\n\t\n\t\n<\/div>\n<div id=\"frm_field_24_container\" class=\"frm_form_field form-field  frm_required_field frm_top_container frm6 frm_first\">\n\t<label for=\"field_3gixc\" id=\"field_3gixc_label\" class=\"frm_primary_label\">Date de naissance \n\t\t<span class=\"frm_required\" aria-hidden=\"true\">*<\/span>\n\t<\/label>\n\t<input type=\"text\" id=\"field_3gixc\" name=\"item_meta[24]\" value=\"\"  placeholder=\"JJ\/MM\/AA\" data-reqmsg=\"Date de naissance  ne peut pas \u00eatre vide.\" aria-required=\"true\" data-invmsg=\"Date de naissance  est non valide\" aria-invalid=\"false\"  \/>\n\t\n\t\n<\/div>\n<div id=\"frm_field_15_container\" class=\"frm_form_field form-field  frm_required_field frm_top_container frm6\">\n\t<label for=\"field_l2cav\" id=\"field_l2cav_label\" class=\"frm_primary_label\">Lieu de naissance \n\t\t<span class=\"frm_required\" aria-hidden=\"true\">*<\/span>\n\t<\/label>\n\t<input type=\"text\" id=\"field_l2cav\" name=\"item_meta[15]\" value=\"\"  data-reqmsg=\"Lieu de naissance  ne peut pas \u00eatre vide.\" aria-required=\"true\" data-invmsg=\"Lieu de naissance  est non valide\" aria-invalid=\"false\"  \/>\n\t\n\t\n<\/div>\n<div id=\"frm_field_25_container\" class=\"frm_form_field form-field  frm_required_field frm_top_container\">\n\t<label for=\"field_5ruj3\" id=\"field_5ruj3_label\" class=\"frm_primary_label\">Adresse\n\t\t<span class=\"frm_required\" aria-hidden=\"true\">*<\/span>\n\t<\/label>\n\t<input type=\"text\" id=\"field_5ruj3\" name=\"item_meta[25]\" value=\"\"  data-reqmsg=\"Adresse ne peut pas \u00eatre vide.\" aria-required=\"true\" data-invmsg=\"Adresse est non valide\" aria-invalid=\"false\"  \/>\n\t\n\t\n<\/div>\n<div id=\"frm_field_17_container\" class=\"frm_form_field form-field  frm_required_field frm_top_container\">\n\t<label for=\"field_z1lcz\" id=\"field_z1lcz_label\" class=\"frm_primary_label\">Pays\n\t\t<span class=\"frm_required\" aria-hidden=\"true\">*<\/span>\n\t<\/label>\n\t<input type=\"text\" id=\"field_z1lcz\" name=\"item_meta[17]\" value=\"\"  data-reqmsg=\"Pays ne peut pas \u00eatre vide.\" aria-required=\"true\" data-invmsg=\"Pays est non valide\" aria-invalid=\"false\"  \/>\n\t\n\t\n<\/div>\n<div id=\"frm_field_18_container\" class=\"frm_form_field form-field  frm_required_field frm_top_container\">\n\t<label for=\"field_h2buy\" id=\"field_h2buy_label\" class=\"frm_primary_label\">Num\u00e9ro de T\u00e9l\u00e9phone \n\t\t<span class=\"frm_required\" aria-hidden=\"true\">*<\/span>\n\t<\/label>\n\t<input type=\"text\" id=\"field_h2buy\" name=\"item_meta[18]\" value=\"\"  data-reqmsg=\"Num\u00e9ro de T\u00e9l\u00e9phone  ne peut pas \u00eatre vide.\" aria-required=\"true\" data-invmsg=\"Num\u00e9ro de T\u00e9l\u00e9phone  est non valide\" aria-invalid=\"false\"  \/>\n\t\n\t\n<\/div>\n<div id=\"frm_field_19_container\" class=\"frm_form_field form-field  frm_required_field frm_top_container\">\n\t<label for=\"field_waisr\" id=\"field_waisr_label\" class=\"frm_primary_label\">Email \n\t\t<span class=\"frm_required\" aria-hidden=\"true\">*<\/span>\n\t<\/label>\n\t<input type=\"text\" id=\"field_waisr\" name=\"item_meta[19]\" value=\"\"  data-reqmsg=\"Email  ne peut pas \u00eatre vide.\" aria-required=\"true\" data-invmsg=\"Email  est non valide\" aria-invalid=\"false\"  \/>\n\t\n\t\n<\/div>\n<div id=\"frm_field_20_container\" class=\"frm_form_field form-field  frm_required_field frm_top_container\">\n\t<label for=\"field_o3xed\" id=\"field_o3xed_label\" class=\"frm_primary_label\">Dipl\u00f4me le plus \u00e9lev\u00e9\n\t\t<span class=\"frm_required\" aria-hidden=\"true\">*<\/span>\n\t<\/label>\n\t<input type=\"text\" id=\"field_o3xed\" name=\"item_meta[20]\" value=\"\"  data-reqmsg=\"Dipl\u00f4me le plus \u00e9lev\u00e9 ne peut pas \u00eatre vide.\" aria-required=\"true\" data-invmsg=\"Dipl\u00f4me le plus \u00e9lev\u00e9 est non valide\" aria-invalid=\"false\"  \/>\n\t\n\t\n<\/div>\n<div id=\"frm_field_21_container\" class=\"frm_form_field form-field  frm_required_field frm_top_container\">\n\t<label for=\"field_q396j\" id=\"field_q396j_label\" class=\"frm_primary_label\">Ann\u00e9e d\u2019exp\u00e9rience \n\t\t<span class=\"frm_required\" aria-hidden=\"true\">*<\/span>\n\t<\/label>\n\t<input type=\"text\" id=\"field_q396j\" name=\"item_meta[21]\" value=\"\"  data-reqmsg=\"Ann\u00e9e d\u2019exp\u00e9rience  ne peut pas \u00eatre vide.\" aria-required=\"true\" data-invmsg=\"Ann\u00e9e d\u2019exp\u00e9rience  est non valide\" aria-invalid=\"false\"  \/>\n\t\n\t\n<\/div>\n<div id=\"frm_field_23_container\" class=\"frm_form_field form-field  frm_required_field frm_top_container vertical_radio\">\n\t<div  id=\"field_2zfag_label\" class=\"frm_primary_label\">Type de formation\n\t\t<span class=\"frm_required\" aria-hidden=\"true\">*<\/span>\n\t<\/div>\n\t<div class=\"frm_opt_container\" aria-labelledby=\"field_2zfag_label\" role=\"radiogroup\" aria-required=\"true\">\t\t<div class=\"frm_radio\" id=\"frm_radio_23-0\">\t\t\t<label  for=\"field_2zfag-0\">\n\t\t\t\t\t<input type=\"radio\" name=\"item_meta[23]\" id=\"field_2zfag-0\" value=\"En ligne\"\n\t\t   data-reqmsg=\"Type de formation ne peut pas \u00eatre vide.\" data-invmsg=\"Type de formation is invalid\" aria-invalid=\"false\"  \/> En ligne<\/label><\/div>\n\t\t<div class=\"frm_radio\" id=\"frm_radio_23-1\">\t\t\t<label  for=\"field_2zfag-1\">\n\t\t\t\t\t<input type=\"radio\" name=\"item_meta[23]\" id=\"field_2zfag-1\" value=\"En pr\u00e9sentiel\"\n\t\t   data-reqmsg=\"Type de formation ne peut pas \u00eatre vide.\" data-invmsg=\"Type de formation is invalid\" aria-invalid=\"false\"  \/> En pr\u00e9sentiel<\/label><\/div>\n<\/div>\n\t\n\t\n<\/div>\n<div id=\"frm_field_6_container\" class=\"frm_form_field form-field \">\n\t<div class=\"frm_submit frm_flex\">\n<button class=\"frm_button_submit\" type=\"submit\"  >Envoyer<\/button>\n\n\n\n<\/div>\n<\/div>\n\t<input type=\"hidden\" name=\"item_key\" value=\"\" \/>\n\t\t\t\t<div class=\"frm__67011d32d5b65\">\n\t\t\t\t<label for=\"frm_email_2\" >\n\t\t\t\t\tIf you are human, leave this field blank.\t\t\t\t<\/label>\n\t\t\t\t<input  id=\"frm_email_2\" type=\"text\" class=\"frm_verify\" name=\"frm__67011d32d5b65\" value=\"\" autocomplete=\"off\"  \/>\n\t\t\t<\/div>\n\t\t<\/div>\n<\/fieldset>\n<\/div>\n<p style=\"display: none !important;\" class=\"akismet-fields-container\" data-prefix=\"ak_\"><label>&#916;<textarea name=\"ak_hp_textarea\" cols=\"45\" rows=\"8\" maxlength=\"100\"><\/textarea><\/label><input type=\"hidden\" id=\"ak_js_1\" name=\"ak_js\" value=\"98\"\/><script>document.getElementById( \"ak_js_1\" ).setAttribute( \"value\", ( new Date() ).getTime() );<\/script><\/p><\/form>\n<\/div>\n\n\n\n<p><\/p>\n","protected":false},"excerpt":{"rendered":"<p>Veuillez remplir ce formulaire pour vous inscrire \u00e0 la formation.<\/p>\n","protected":false},"author":1,"featured_media":0,"parent":0,"menu_order":0,"comment_status":"closed","ping_status":"closed","template":"","meta":{"footnotes":""},"class_list":["post-251","page","type-page","status-publish","hentry"],"_links":{"self":[{"href":"https:\/\/duramingui.com\/index.php\/wp-json\/wp\/v2\/pages\/251","targetHints":{"allow":["GET"]}}],"collection":[{"href":"https:\/\/duramingui.com\/index.php\/wp-json\/wp\/v2\/pages"}],"about":[{"href":"https:\/\/duramingui.com\/index.php\/wp-json\/wp\/v2\/types\/page"}],"author":[{"embeddable":true,"href":"https:\/\/duramingui.com\/index.php\/wp-json\/wp\/v2\/users\/1"}],"replies":[{"embeddable":true,"href":"https:\/\/duramingui.com\/index.php\/wp-json\/wp\/v2\/comments?post=251"}],"version-history":[{"count":1,"href":"https:\/\/duramingui.com\/index.php\/wp-json\/wp\/v2\/pages\/251\/revisions"}],"predecessor-version":[{"id":252,"href":"https:\/\/duramingui.com\/index.php\/wp-json\/wp\/v2\/pages\/251\/revisions\/252"}],"wp:attachment":[{"href":"https:\/\/duramingui.com\/index.php\/wp-json\/wp\/v2\/media?parent=251"}],"curies":[{"name":"wp","href":"https:\/\/api.w.org\/{rel}","templated":true}]}}