{"id":89,"date":"2024-08-21T10:39:56","date_gmt":"2024-08-21T08:39:56","guid":{"rendered":"https:\/\/duramingui.com\/?page_id=89"},"modified":"2024-08-21T10:46:54","modified_gmt":"2024-08-21T08:46:54","slug":"ggggggg","status":"publish","type":"page","link":"https:\/\/duramingui.com\/index.php\/ggggggg\/","title":{"rendered":"Avec les d\u00e9fis que se fixe les entreprises mini\u00e8res pour une prospection g\u00e9ologique pr\u00e9cise et confiance, nous mettons \u00e0 la disposition des services moderne de projection g\u00e9ologique avec des r\u00e9sultats fiables et accrus. \u00a0Nos g\u00e9ologues poss\u00e8dent une connaissance approfondie des m\u00e9canismes de formation et de distribution des gisements dans un large \u00e9ventail de contextes g\u00e9ologiques et tectoniques. Les services d&#8217;exploration que nous proposons comprennent la g\u00e9n\u00e9ration de cibles, la cartographie et l&#8217;analyse de terrain, la t\u00e9l\u00e9d\u00e9tection et la g\u00e9ophysique, la g\u00e9ochimie, la mod\u00e9lisation du syst\u00e8me min\u00e9ral, la gestion de projets d&#8217;exploration, les audits et les \u00e9valuations, la strat\u00e9gie d&#8217;exploration et les conseils gouvernementaux."},"content":{"rendered":"\n<figure class=\"wp-block-image\"><img loading=\"lazy\" decoding=\"async\" width=\"1600\" height=\"1200\" src=\"https:\/\/duramingui.com\/wp-content\/uploads\/2024\/08\/e38a44aeff_50217450_geologie-roches-couches.jpg\" alt=\"\" class=\"wp-image-87\" srcset=\"https:\/\/duramingui.com\/wp-content\/uploads\/2024\/08\/e38a44aeff_50217450_geologie-roches-couches.jpg 1600w, https:\/\/duramingui.com\/wp-content\/uploads\/2024\/08\/e38a44aeff_50217450_geologie-roches-couches-300x225.jpg 300w, https:\/\/duramingui.com\/wp-content\/uploads\/2024\/08\/e38a44aeff_50217450_geologie-roches-couches-1024x768.jpg 1024w, https:\/\/duramingui.com\/wp-content\/uploads\/2024\/08\/e38a44aeff_50217450_geologie-roches-couches-768x576.jpg 768w, https:\/\/duramingui.com\/wp-content\/uploads\/2024\/08\/e38a44aeff_50217450_geologie-roches-couches-1536x1152.jpg 1536w\" sizes=\"auto, (max-width: 1600px) 100vw, 1600px\" \/><\/figure>\n\n\n\n<ul class=\"wp-block-list\">\n<li>Recherches fonci\u00e8res et \u00e9tudes documentaires.<\/li>\n\n\n\n<li>Cartographie de terrain et interpr\u00e9tation g\u00e9ologique.<\/li>\n\n\n\n<li>Exploitation des sols et des roches.<\/li>\n\n\n\n<li>Estimation des r\u00e9serves min\u00e9rales et des ressources.<\/li>\n\n\n\n<li>Exploration min\u00e9rale et investigation de sites.<\/li>\n\n\n\n<li>Mod\u00e9lisation g\u00e9ologique.<\/li>\n\n\n\n<li>Conception de carri\u00e8res et de mines.<\/li>\n\n\n\n<li>Analyse p\u00e9trographique \/ Assurance qualit\u00e9.<\/li>\n<\/ul>\n","protected":false},"excerpt":{"rendered":"","protected":false},"author":1,"featured_media":0,"parent":0,"menu_order":0,"comment_status":"closed","ping_status":"closed","template":"","meta":{"footnotes":""},"class_list":["post-89","page","type-page","status-publish","hentry"],"_links":{"self":[{"href":"https:\/\/duramingui.com\/index.php\/wp-json\/wp\/v2\/pages\/89","targetHints":{"allow":["GET"]}}],"collection":[{"href":"https:\/\/duramingui.com\/index.php\/wp-json\/wp\/v2\/pages"}],"about":[{"href":"https:\/\/duramingui.com\/index.php\/wp-json\/wp\/v2\/types\/page"}],"author":[{"embeddable":true,"href":"https:\/\/duramingui.com\/index.php\/wp-json\/wp\/v2\/users\/1"}],"replies":[{"embeddable":true,"href":"https:\/\/duramingui.com\/index.php\/wp-json\/wp\/v2\/comments?post=89"}],"version-history":[{"count":2,"href":"https:\/\/duramingui.com\/index.php\/wp-json\/wp\/v2\/pages\/89\/revisions"}],"predecessor-version":[{"id":93,"href":"https:\/\/duramingui.com\/index.php\/wp-json\/wp\/v2\/pages\/89\/revisions\/93"}],"wp:attachment":[{"href":"https:\/\/duramingui.com\/index.php\/wp-json\/wp\/v2\/media?parent=89"}],"curies":[{"name":"wp","href":"https:\/\/api.w.org\/{rel}","templated":true}]}}