{"id":97,"date":"2024-08-21T10:59:40","date_gmt":"2024-08-21T08:59:40","guid":{"rendered":"https:\/\/duramingui.com\/?page_id=97"},"modified":"2024-08-23T15:04:33","modified_gmt":"2024-08-23T13:04:33","slug":"au-coeur-des-enjeux-du-developpement-durable-de-la-transition-energetique-et-environnementale-nous-sommes-une-equipe-dexperts-specialises-passionnes-et-engages-dans-la-preservation-de-l","status":"publish","type":"page","link":"https:\/\/duramingui.com\/index.php\/au-coeur-des-enjeux-du-developpement-durable-de-la-transition-energetique-et-environnementale-nous-sommes-une-equipe-dexperts-specialises-passionnes-et-engages-dans-la-preservation-de-l\/","title":{"rendered":"Au c\u0153ur des enjeux du d\u00e9veloppement durable, de la transition \u00e9nerg\u00e9tique et environnementale, nous sommes une \u00e9quipe d\u2019experts sp\u00e9cialis\u00e9s, passionn\u00e9s et engag\u00e9s dans la pr\u00e9servation de l\u2019environnement. Nous apportons \u00e0 nos clients des solutions r\u00e9pondant aux exigences du code de l\u2019environnement ainsi que celles des normes internationales. Ces textes r\u00e9glementaires contraignent les particuliers, associations, professionnels, entreprises ou collectivit\u00e9s territoriales, \u00e0 concevoir leurs projets \u00a0de fa\u00e7on \u00e0 limiter leur impact sur l\u2019environnement."},"content":{"rendered":"\n<figure class=\"wp-block-image\"><img loading=\"lazy\" decoding=\"async\" width=\"709\" height=\"473\" src=\"http:\/\/duramingui.com\/wp-content\/uploads\/2024\/08\/Weixin-Image_20240821085854.png\" alt=\"\" class=\"wp-image-98\" srcset=\"https:\/\/duramingui.com\/wp-content\/uploads\/2024\/08\/Weixin-Image_20240821085854.png 709w, https:\/\/duramingui.com\/wp-content\/uploads\/2024\/08\/Weixin-Image_20240821085854-300x200.png 300w\" sizes=\"auto, (max-width: 709px) 100vw, 709px\" \/><\/figure>\n\n\n\n<ul class=\"wp-block-list\">\n<li>Les \u00e9tudes d\u2019impact environnemental<\/li>\n\n\n\n<li>Surveillance environnemental (l\u2019eau, la poussi\u00e8re, vibration, bruit et sol)<\/li>\n\n\n\n<li>Contr\u00f4le et gestion de l\u2019\u00e9rosion<\/li>\n\n\n\n<li>Gestion de la biodiversit\u00e9<\/li>\n\n\n\n<li>R\u00e9habilitions des sites et reboisements<\/li>\n<\/ul>\n","protected":false},"excerpt":{"rendered":"","protected":false},"author":1,"featured_media":0,"parent":0,"menu_order":0,"comment_status":"closed","ping_status":"closed","template":"","meta":{"footnotes":""},"class_list":["post-97","page","type-page","status-publish","hentry"],"_links":{"self":[{"href":"https:\/\/duramingui.com\/index.php\/wp-json\/wp\/v2\/pages\/97","targetHints":{"allow":["GET"]}}],"collection":[{"href":"https:\/\/duramingui.com\/index.php\/wp-json\/wp\/v2\/pages"}],"about":[{"href":"https:\/\/duramingui.com\/index.php\/wp-json\/wp\/v2\/types\/page"}],"author":[{"embeddable":true,"href":"https:\/\/duramingui.com\/index.php\/wp-json\/wp\/v2\/users\/1"}],"replies":[{"embeddable":true,"href":"https:\/\/duramingui.com\/index.php\/wp-json\/wp\/v2\/comments?post=97"}],"version-history":[{"count":2,"href":"https:\/\/duramingui.com\/index.php\/wp-json\/wp\/v2\/pages\/97\/revisions"}],"predecessor-version":[{"id":117,"href":"https:\/\/duramingui.com\/index.php\/wp-json\/wp\/v2\/pages\/97\/revisions\/117"}],"wp:attachment":[{"href":"https:\/\/duramingui.com\/index.php\/wp-json\/wp\/v2\/media?parent=97"}],"curies":[{"name":"wp","href":"https:\/\/api.w.org\/{rel}","templated":true}]}}